{"id":25,"date":"2020-06-10T13:06:47","date_gmt":"2020-06-10T11:06:47","guid":{"rendered":"https:\/\/www.krzysztofbroda.pl\/pl\/?page_id=25"},"modified":"2022-01-04T22:08:01","modified_gmt":"2022-01-04T21:08:01","slug":"o-mnie","status":"publish","type":"page","link":"https:\/\/www.krzysztofbroda.pl\/pl\/","title":{"rendered":"O mnie"},"content":{"rendered":"\t\t<div data-elementor-type=\"wp-page\" data-elementor-id=\"25\" class=\"elementor elementor-25\" data-elementor-settings=\"[]\">\n\t\t\t\t\t\t<div class=\"elementor-inner\">\n\t\t\t\t\t\t\t<div class=\"elementor-section-wrap\">\n\t\t\t\t\t\t\t<section class=\"elementor-section elementor-top-section elementor-element elementor-element-6353276 elementor-section-boxed elementor-section-height-default elementor-section-height-default\" data-id=\"6353276\" data-element_type=\"section\">\n\t\t\t\t\t\t<div class=\"elementor-container elementor-column-gap-default\">\n\t\t\t\t\t\t\t<div class=\"elementor-row\">\n\t\t\t\t\t<div class=\"elementor-column elementor-col-100 elementor-top-column elementor-element elementor-element-4f5cebd\" data-id=\"4f5cebd\" data-element_type=\"column\">\n\t\t\t<div class=\"elementor-column-wrap elementor-element-populated\">\n\t\t\t\t\t\t\t<div class=\"elementor-widget-wrap\">\n\t\t\t\t\t\t<div class=\"elementor-element elementor-element-dfaa64a elementor-widget elementor-widget-spacer\" data-id=\"dfaa64a\" data-element_type=\"widget\" data-widget_type=\"spacer.default\">\n\t\t\t\t<div class=\"elementor-widget-container\">\n\t\t\t\t\t<div class=\"elementor-spacer\">\n\t\t\t<div class=\"elementor-spacer-inner\"><\/div>\n\t\t<\/div>\n\t\t\t\t<\/div>\n\t\t\t\t<\/div>\n\t\t\t\t<div class=\"elementor-element elementor-element-995846a elementor-widget elementor-widget-wezen-home-page-third\" data-id=\"995846a\" data-element_type=\"widget\" data-widget_type=\"wezen-home-page-third.default\">\n\t\t\t\t<div class=\"elementor-widget-container\">\n\t\t\t\r\n\t\t<div class=\"section-content vcentered home-page-third-style\">\r\n\r\n\t\t\t<div id=\"home_content_995846a\" class=\"home-content\">\r\n\t\t\t    <div class=\"row flex-v-align flex-direction-reverse\">\r\n\t\t\t        <div class=\"col-sm-12 without-padding col-md-6 col-lg-6\">\r\n\t\t\t            <div class=\"home-photo\">\r\n\t\t\t                <div class=\"hp-inner\" style=\"background-image: url(https:\/\/www.krzysztofbroda.pl\/pl\/wp-content\/uploads\/2021\/12\/broda-final-800-px-480x4221-1.jpg)\"><\/div>\r\n\t\t\t            <\/div>\r\n\t\t\t        <\/div>\r\n\r\n\t\t\t        <div class=\"col-sm-12 col-md-6 col-lg-6\">\r\n\t\t\t            <div class=\"home-text\">\r\n\t\t\t                \t\t\t                <div class=\"owl-carousel text-rotation\">                                    \r\n\t\t\t                    \t\t\t                        <div class=\"item\">\r\n\t\t\t                            <h4>Plany naprawy \/ Restrukturyzacja \/ Strategia<\/h4>\r\n\t\t\t                        <\/div>\r\n\t\t\t                    \t\t\t                        <div class=\"item\">\r\n\t\t\t                            <h4>Przymusowa restrukturyzacja \/ Nadz\u00f3r bankowy \/ Zarz\u0105dzanie ryzykiem<\/h4>\r\n\t\t\t                        <\/div>\r\n\t\t\t                    \t\t\t                        <div class=\"item\">\r\n\t\t\t                            <h4>Gwarantowanie depozyt\u00f3w \/ Stabilno\u015b\u0107 finansowa \/ Zarz\u0105dzanie kryzysowe<\/h4>\r\n\t\t\t                        <\/div>\r\n\t\t\t                    \t\t\t                <\/div>\r\n\t\t\t                \t\t\t                \t\t\t                <h1><span>Krzysztof Broda<\/span><\/h1>\r\n\t\t\t                \t\t\t                \t\t\t                <p><span>Doktor nauk ekonomicznych w zakresie nauk o zarz\u0105dzaniu<\/span><\/p>\r\n\t\t\t            \t\r\n\t\t\t                \t\t\t                   <div class=\"home-buttons\">\r\n\t\t\t                    \t\t\t\t                        <a href=\"https:\/\/www.krzysztofbroda.pl\/pl\/Krzysztof_Broda_CV3_pol.pdf\" target=\"yes\" class=\"btn btn-primary\">Pobierz moje CV<\/a>\r\n\t\t\t                    \t\t\t\t\t                        <a href=\"https:\/\/www.krzysztofbroda.pl\/pl\/kontakt\/\" target=\"\" class=\"btn btn-secondary\">Kontakt<\/a>\r\n\t\t\t                    \t\t\t\t\t                        <a href=\"https:\/\/www.krzysztofbroda.pl\/en\/\" target=\"yes\" class=\"btn btn-secondary\">English<\/a>\r\n\t\t\t                    \t\t\t\t                    <\/div>\r\n\t\t\t                    \t\t\t            <\/div>\r\n\t\t\t        <\/div>\r\n\t\t\t    <\/div>\r\n\t\t\t<\/div>\r\n\r\n        <\/div>\r\n\r\n        \t\t<\/div>\n\t\t\t\t<\/div>\n\t\t\t\t<div class=\"elementor-element elementor-element-a84f016 elementor-widget elementor-widget-spacer\" data-id=\"a84f016\" data-element_type=\"widget\" data-widget_type=\"spacer.default\">\n\t\t\t\t<div class=\"elementor-widget-container\">\n\t\t\t\t\t<div class=\"elementor-spacer\">\n\t\t\t<div class=\"elementor-spacer-inner\"><\/div>\n\t\t<\/div>\n\t\t\t\t<\/div>\n\t\t\t\t<\/div>\n\t\t\t\t<div class=\"elementor-element elementor-element-925db9c elementor-widget elementor-widget-wezen-block-title\" data-id=\"925db9c\" data-element_type=\"widget\" data-widget_type=\"wezen-block-title.default\">\n\t\t\t\t<div class=\"elementor-widget-container\">\n\t\t\t<div class=\"block-title\"><h2>Czym si\u0119 zajmuj\u0119<\/h2><\/div>\t\t<\/div>\n\t\t\t\t<\/div>\n\t\t\t\t\t\t<\/div>\n\t\t\t\t\t<\/div>\n\t\t<\/div>\n\t\t\t\t\t\t\t\t<\/div>\n\t\t\t\t\t<\/div>\n\t\t<\/section>\n\t\t\t\t<section class=\"elementor-section elementor-top-section elementor-element elementor-element-2810c44 elementor-section-boxed elementor-section-height-default elementor-section-height-default\" data-id=\"2810c44\" data-element_type=\"section\">\n\t\t\t\t\t\t<div class=\"elementor-container elementor-column-gap-default\">\n\t\t\t\t\t\t\t<div class=\"elementor-row\">\n\t\t\t\t\t<div class=\"elementor-column elementor-col-50 elementor-top-column elementor-element elementor-element-742ee06\" data-id=\"742ee06\" data-element_type=\"column\">\n\t\t\t<div class=\"elementor-column-wrap elementor-element-populated\">\n\t\t\t\t\t\t\t<div class=\"elementor-widget-wrap\">\n\t\t\t\t\t\t<div class=\"elementor-element elementor-element-31d9f34 elementor-widget elementor-widget-wezen-service\" data-id=\"31d9f34\" data-element_type=\"widget\" data-widget_type=\"wezen-service.default\">\n\t\t\t\t<div class=\"elementor-widget-container\">\n\t\t\t\r\n\t\t<div class=\"info-list-w-icon\">\r\n\t\t\t<div class=\"info-block-w-icon\">\r\n\t\t\t\t<div class=\"ci-icon\">\r\n\t\t\t\t\t<i aria-hidden=\"true\" class=\"fas fa-laptop-house\"><\/i>\t\t\t\t<\/div>\r\n\t\t\t\t<div class=\"ci-text\">\r\n\t\t\t\t\t<h4>\u015awiadcz\u0119 us\u0142ugi doradcze w zakresie:<\/h4>\r\n\t\t\t\t\t<p>- restrukturyzacji bank\u00f3w i sp\u00f3\u0142dzielczych kas oszcz\u0119dno\u015bciowo-kredytowych, \n<br>\n- przymusowej restrukturyzacji, \n<br>\n- analizy strategicznej, \n<br>\n- zarz\u0105dzania ryzykiem, \n<br>\n- transformacji regulacyjnej.\n<\/p>\r\n\t\t\t\t<\/div>\r\n\t\t\t<\/div>\r\n\t\t<\/div>\r\n\r\n\t\t\t\t<\/div>\n\t\t\t\t<\/div>\n\t\t\t\t<div class=\"elementor-element elementor-element-5fb44c4 elementor-widget elementor-widget-wezen-service\" data-id=\"5fb44c4\" data-element_type=\"widget\" data-widget_type=\"wezen-service.default\">\n\t\t\t\t<div class=\"elementor-widget-container\">\n\t\t\t\r\n\t\t<div class=\"info-list-w-icon\">\r\n\t\t\t<div class=\"info-block-w-icon\">\r\n\t\t\t\t<div class=\"ci-icon\">\r\n\t\t\t\t\t<i aria-hidden=\"true\" class=\"far fa-money-bill-alt\"><\/i>\t\t\t\t<\/div>\r\n\t\t\t\t<div class=\"ci-text\">\r\n\t\t\t\t\t<h4>Oferuj\u0119 wsparcie w zakresie:<\/h4>\r\n\t\t\t\t\t<p>- przygotowania i wdro\u017cenia planu restrukturyzacji, \n<br>\n- przygotowania i wdro\u017cenia planu naprawy, \n<br>\n- usuwania przeszk\u00f3d przymusowej restrukturyzacji,\n<br>\n- przygotowania danych na potrzeby oszacowania w przymusowej restrukturyzacji, \n<br>\n- wdro\u017cenia wymog\u00f3w regulacyjnych, \n<br>\n- analizy potencja\u0142u konkurencyjnego, \n<br>\n- przygotowania i wdro\u017cenia strategii, \n<br>\n- zarz\u0105dzania zmian\u0105, \n<br>\n- organizacji zarz\u0105dzania ryzykiem kredytowym i operacyjnym,\n<br>\n- przygotowania i wdro\u017cenia polityki kredytowej.\n<\/p>\r\n\t\t\t\t<\/div>\r\n\t\t\t<\/div>\r\n\t\t<\/div>\r\n\r\n\t\t\t\t<\/div>\n\t\t\t\t<\/div>\n\t\t\t\t\t\t<\/div>\n\t\t\t\t\t<\/div>\n\t\t<\/div>\n\t\t\t\t<div class=\"elementor-column elementor-col-50 elementor-top-column elementor-element elementor-element-09a986a\" data-id=\"09a986a\" data-element_type=\"column\">\n\t\t\t<div class=\"elementor-column-wrap elementor-element-populated\">\n\t\t\t\t\t\t\t<div class=\"elementor-widget-wrap\">\n\t\t\t\t\t\t<div class=\"elementor-element elementor-element-aadc7bf elementor-widget elementor-widget-wezen-service\" data-id=\"aadc7bf\" data-element_type=\"widget\" data-widget_type=\"wezen-service.default\">\n\t\t\t\t<div class=\"elementor-widget-container\">\n\t\t\t\r\n\t\t<div class=\"info-list-w-icon\">\r\n\t\t\t<div class=\"info-block-w-icon\">\r\n\t\t\t\t<div class=\"ci-icon\">\r\n\t\t\t\t\t<i aria-hidden=\"true\" class=\"far fa-handshake\"><\/i>\t\t\t\t<\/div>\r\n\t\t\t\t<div class=\"ci-text\">\r\n\t\t\t\t\t<h4>Moje do\u015bwiadczenie obejmuje r\u00f3wnie\u017c:<\/h4>\r\n\t\t\t\t\t<p>- zarz\u0105dzanie kryzysowe i ochron\u0119 stabilno\u015bci finansowej, \n<br>\n- przygotowanie rozwi\u0105za\u0144 legislacyjnych w zakresie zarz\u0105dzania kryzysowego, \n<br>\n- przymusow\u0105 restrukturyzacj\u0119 i ochron\u0119 stabilno\u015bci finansowej,\n<br>\n- nadz\u00f3r ostro\u017cno\u015bciowy nad bankami, \n<br>\n- organizacj\u0119 systemu gwarantowania depozyt\u00f3w, \n<br>\n- udzielanie wsparcia finansowego w procesach restrukturyzacyjnych, \n<br>\n- wykonywanie nadzoru w\u0142a\u015bcicielskiego.\n<\/p>\r\n\t\t\t\t<\/div>\r\n\t\t\t<\/div>\r\n\t\t<\/div>\r\n\r\n\t\t\t\t<\/div>\n\t\t\t\t<\/div>\n\t\t\t\t<div class=\"elementor-element elementor-element-3c86a6e elementor-widget elementor-widget-wezen-service\" data-id=\"3c86a6e\" data-element_type=\"widget\" data-widget_type=\"wezen-service.default\">\n\t\t\t\t<div class=\"elementor-widget-container\">\n\t\t\t\r\n\t\t<div class=\"info-list-w-icon\">\r\n\t\t\t<div class=\"info-block-w-icon\">\r\n\t\t\t\t<div class=\"ci-icon\">\r\n\t\t\t\t\t<i aria-hidden=\"true\" class=\"fas fa-mail-bulk\"><\/i>\t\t\t\t<\/div>\r\n\t\t\t\t<div class=\"ci-text\">\r\n\t\t\t\t\t<h4>Kontakt<\/h4>\r\n\t\t\t\t\t<p><b>Krzysztof Broda<\/b>\n<br>\nTel.: +48 693 147 007\n<br>\nEmail:<a href=\"mailto:kontakt@krzysztofbroda.pl\"> kontakt@krzysztofbroda.pl<\/a>\n<\/p>\r\n\t\t\t\t<\/div>\r\n\t\t\t<\/div>\r\n\t\t<\/div>\r\n\r\n\t\t\t\t<\/div>\n\t\t\t\t<\/div>\n\t\t\t\t\t\t<\/div>\n\t\t\t\t\t<\/div>\n\t\t<\/div>\n\t\t\t\t\t\t\t\t<\/div>\n\t\t\t\t\t<\/div>\n\t\t<\/section>\n\t\t\t\t\t\t<\/div>\n\t\t\t\t\t\t<\/div>\n\t\t\t\t\t<\/div>\n\t\t","protected":false},"excerpt":{"rendered":"<p>Plany naprawy \/ Restrukturyzacja \/ Strategia Przymusowa restrukturyzacja \/ Nadz\u00f3r bankowy \/ Zarz\u0105dzanie ryzykiem Gwarantowanie depozyt\u00f3w \/ Stabilno\u015b\u0107 finansowa \/ Zarz\u0105dzanie kryzysowe Krzysztof Broda Doktor nauk ekonomicznych w zakresie nauk o zarz\u0105dzaniu Pobierz moje CV Kontakt English Czym si\u0119 zajmuj\u0119 \u015awiadcz\u0119 us\u0142ugi doradcze w zakresie: &#8211; restrukturyzacji bank\u00f3w i sp\u00f3\u0142dzielczych kas oszcz\u0119dno\u015bciowo-kredytowych, &#8211; przymusowej restrukturyzacji,&#8230;<\/p>\n<p><a class=\"read-more\" href=\"https:\/\/www.krzysztofbroda.pl\/pl\/\">Read More<\/a><\/p>\n","protected":false},"author":1,"featured_media":0,"parent":0,"menu_order":0,"comment_status":"closed","ping_status":"closed","template":"","meta":[],"_links":{"self":[{"href":"https:\/\/www.krzysztofbroda.pl\/pl\/wp-json\/wp\/v2\/pages\/25"}],"collection":[{"href":"https:\/\/www.krzysztofbroda.pl\/pl\/wp-json\/wp\/v2\/pages"}],"about":[{"href":"https:\/\/www.krzysztofbroda.pl\/pl\/wp-json\/wp\/v2\/types\/page"}],"author":[{"embeddable":true,"href":"https:\/\/www.krzysztofbroda.pl\/pl\/wp-json\/wp\/v2\/users\/1"}],"replies":[{"embeddable":true,"href":"https:\/\/www.krzysztofbroda.pl\/pl\/wp-json\/wp\/v2\/comments?post=25"}],"version-history":[{"count":82,"href":"https:\/\/www.krzysztofbroda.pl\/pl\/wp-json\/wp\/v2\/pages\/25\/revisions"}],"predecessor-version":[{"id":518,"href":"https:\/\/www.krzysztofbroda.pl\/pl\/wp-json\/wp\/v2\/pages\/25\/revisions\/518"}],"wp:attachment":[{"href":"https:\/\/www.krzysztofbroda.pl\/pl\/wp-json\/wp\/v2\/media?parent=25"}],"curies":[{"name":"wp","href":"https:\/\/api.w.org\/{rel}","templated":true}]}}